{"id":5236,"date":"2023-08-28T00:50:12","date_gmt":"2023-08-27T23:50:12","guid":{"rendered":"https:\/\/yntenzo.com\/privacy-policy\/"},"modified":"2023-10-04T02:11:15","modified_gmt":"2023-10-04T01:11:15","slug":"privacy-policy","status":"publish","type":"page","link":"https:\/\/yntenzo.com\/en\/privacy-policy\/","title":{"rendered":"Privacy Policy"},"content":{"rendered":"\t\t<div data-elementor-type=\"wp-page\" data-elementor-id=\"5236\" class=\"elementor elementor-5236 elementor-621\" data-elementor-post-type=\"page\">\n\t\t\t\t\t\t<section class=\"ob-is-breaking-bad elementor-section elementor-top-section elementor-element elementor-element-5d00ebe elementor-section-full_width elementor-reverse-mobile elementor-section-height-default elementor-section-height-default\" data-id=\"5d00ebe\" data-element_type=\"section\" data-settings=\"{&quot;jet_parallax_layout_list&quot;:[],&quot;_ob_bbad_use_it&quot;:&quot;yes&quot;,&quot;_ob_glider_is_slider&quot;:&quot;no&quot;,&quot;_ob_bbad_sssic_use&quot;:&quot;no&quot;}\">\n\t\t\t\t\t\t<div class=\"elementor-container elementor-column-gap-default\">\n\t\t\t\t\t<div class=\"elementor-column elementor-col-50 elementor-top-column elementor-element elementor-element-5e890f1\" data-id=\"5e890f1\" data-element_type=\"column\" data-settings=\"{&quot;_ob_bbad_is_stalker&quot;:&quot;no&quot;,&quot;_ob_teleporter_use&quot;:false,&quot;_ob_column_hoveranimator&quot;:&quot;no&quot;,&quot;_ob_column_has_pseudo&quot;:&quot;no&quot;}\">\n\t\t\t<div class=\"elementor-widget-wrap elementor-element-populated\">\n\t\t\t\t\t\t<div class=\"elementor-element elementor-element-ed7e23d ob-has-background-overlay elementor-widget elementor-widget-image\" data-id=\"ed7e23d\" data-element_type=\"widget\" data-settings=\"{&quot;sticky&quot;:&quot;top&quot;,&quot;_ob_photomorph_use&quot;:&quot;no&quot;,&quot;_ob_perspektive_use&quot;:&quot;no&quot;,&quot;_ob_poopart_use&quot;:&quot;yes&quot;,&quot;_ob_shadough_use&quot;:&quot;no&quot;,&quot;_ob_allow_hoveranimator&quot;:&quot;no&quot;,&quot;_ob_widget_stalker_use&quot;:&quot;no&quot;,&quot;sticky_on&quot;:[&quot;desktop&quot;,&quot;tablet&quot;,&quot;mobile&quot;],&quot;sticky_offset&quot;:0,&quot;sticky_effects_offset&quot;:0,&quot;sticky_anchor_link_offset&quot;:0}\" data-widget_type=\"image.default\">\n\t\t\t\t<div class=\"elementor-widget-container\">\n\t\t\t\t\t\t\t\t\t\t\t\t\t\t\t<img fetchpriority=\"high\" decoding=\"async\" width=\"2048\" height=\"1366\" src=\"https:\/\/yntenzo.com\/wp-content\/uploads\/2023\/08\/pexels-anna-shvets-5760898-scaled-1-2048x1366.jpg\" class=\"attachment-2048x2048 size-2048x2048 wp-image-4931\" alt=\"\" srcset=\"https:\/\/yntenzo.com\/wp-content\/uploads\/2023\/08\/pexels-anna-shvets-5760898-scaled-1-2048x1366.jpg 2048w, https:\/\/yntenzo.com\/wp-content\/uploads\/2023\/08\/pexels-anna-shvets-5760898-scaled-1-300x200.jpg 300w, https:\/\/yntenzo.com\/wp-content\/uploads\/2023\/08\/pexels-anna-shvets-5760898-scaled-1-1024x683.jpg 1024w, https:\/\/yntenzo.com\/wp-content\/uploads\/2023\/08\/pexels-anna-shvets-5760898-scaled-1-768x512.jpg 768w, https:\/\/yntenzo.com\/wp-content\/uploads\/2023\/08\/pexels-anna-shvets-5760898-scaled-1-1536x1024.jpg 1536w, https:\/\/yntenzo.com\/wp-content\/uploads\/2023\/08\/pexels-anna-shvets-5760898-scaled-1-1320x880.jpg 1320w, https:\/\/yntenzo.com\/wp-content\/uploads\/2023\/08\/pexels-anna-shvets-5760898-scaled-1-600x400.jpg 600w\" sizes=\"(max-width: 2048px) 100vw, 2048px\" \/>\t\t\t\t\t\t\t\t\t\t\t\t\t\t\t<\/div>\n\t\t\t\t<\/div>\n\t\t\t\t\t<\/div>\n\t\t<\/div>\n\t\t\t\t<div class=\"elementor-column elementor-col-50 elementor-top-column elementor-element elementor-element-45d65be\" data-id=\"45d65be\" data-element_type=\"column\" data-settings=\"{&quot;_ob_bbad_is_stalker&quot;:&quot;no&quot;,&quot;_ob_teleporter_use&quot;:false,&quot;_ob_column_hoveranimator&quot;:&quot;no&quot;,&quot;_ob_column_has_pseudo&quot;:&quot;no&quot;}\">\n\t\t\t<div class=\"elementor-widget-wrap elementor-element-populated\">\n\t\t\t\t\t\t<div class=\"elementor-element elementor-element-be93922 ob-harakiri-inherit ob-has-background-overlay elementor-widget elementor-widget-heading\" data-id=\"be93922\" data-element_type=\"widget\" data-settings=\"{&quot;_ob_use_harakiri&quot;:&quot;yes&quot;,&quot;_ob_harakiri_writing_mode&quot;:&quot;inherit&quot;,&quot;_ob_harakiri_text_clip&quot;:&quot;none&quot;,&quot;_ob_perspektive_use&quot;:&quot;no&quot;,&quot;_ob_poopart_use&quot;:&quot;yes&quot;,&quot;_ob_shadough_use&quot;:&quot;no&quot;,&quot;_ob_allow_hoveranimator&quot;:&quot;no&quot;,&quot;_ob_widget_stalker_use&quot;:&quot;no&quot;}\" data-widget_type=\"heading.default\">\n\t\t\t\t<div class=\"elementor-widget-container\">\n\t\t\t\t\t<h2 class=\"elementor-heading-title elementor-size-default\">Privacy Policy<\/h2>\t\t\t\t<\/div>\n\t\t\t\t<\/div>\n\t\t\t\t<div class=\"elementor-element elementor-element-082545e ob-harakiri-inherit ob-has-background-overlay elementor-widget elementor-widget-heading\" data-id=\"082545e\" data-element_type=\"widget\" data-settings=\"{&quot;_ob_use_harakiri&quot;:&quot;yes&quot;,&quot;_ob_harakiri_writing_mode&quot;:&quot;inherit&quot;,&quot;_ob_harakiri_text_clip&quot;:&quot;none&quot;,&quot;_ob_perspektive_use&quot;:&quot;no&quot;,&quot;_ob_poopart_use&quot;:&quot;yes&quot;,&quot;_ob_shadough_use&quot;:&quot;no&quot;,&quot;_ob_allow_hoveranimator&quot;:&quot;no&quot;,&quot;_ob_widget_stalker_use&quot;:&quot;no&quot;}\" data-widget_type=\"heading.default\">\n\t\t\t\t<div class=\"elementor-widget-container\">\n\t\t\t\t\t<h2 class=\"elementor-heading-title elementor-size-default\">Privacy and Personal Data Protection<\/h2>\t\t\t\t<\/div>\n\t\t\t\t<\/div>\n\t\t\t\t<div class=\"elementor-element elementor-element-278f0f2 ob-harakiri-inherit ob-has-background-overlay elementor-widget elementor-widget-text-editor\" data-id=\"278f0f2\" data-element_type=\"widget\" data-settings=\"{&quot;_ob_use_harakiri&quot;:&quot;yes&quot;,&quot;_ob_harakiri_writing_mode&quot;:&quot;inherit&quot;,&quot;_ob_postman_use&quot;:&quot;no&quot;,&quot;_ob_perspektive_use&quot;:&quot;no&quot;,&quot;_ob_poopart_use&quot;:&quot;yes&quot;,&quot;_ob_shadough_use&quot;:&quot;no&quot;,&quot;_ob_allow_hoveranimator&quot;:&quot;no&quot;,&quot;_ob_widget_stalker_use&quot;:&quot;no&quot;}\" data-widget_type=\"text-editor.default\">\n\t\t\t\t<div class=\"elementor-widget-container\">\n\t\t\t\t\t\t\t\t\t<p>YNTENZO guarantees the confidentiality of all data provided by Users.<\/p>\n<p>The personal data identified in the order form as being mandatory to provide are indispensable for the provision of the Service by YNTENZO. A<br \/>omission or inaccuracy of the data provided by the User is the sole and entire responsibility of the User and may result in YNTENZO refusing to provide the Service.<\/p>\n<p>NORTEMPRESA, Lda., legal person with NIPC 509312519 and with registered office at Rua Parque das Bou\u00e7as, n.o 56 &#8211; Nogueira, Frai\u00e3o e Lama\u00e7\u00e3es, 4715 Braga is the entity responsible for the collection and processing of personal data, for the purposes referred to in this privacy policy.<\/p>\n<p>Indeed, NORTEMPRESA, Lda. undertakes to process your personal data in accordance with Regulation (EU) 2016\/679 of the European Parliament and of the Council of 20 December 2016 on the protection of individuals with regard to the protection of personal data (Regulation (EU) 2016\/679)<br \/>Council of 27 April 2016 on the protection of individuals with regard to the processing of personal data and on the free movement of personal data.<\/p>\n<p>NORTEMPRESA, Lda. will collect and process the personal data of users of this website to process and manage requests for contact and the provision of legal services, the terms of which will be governed by the agreed contractual clauses and applicable rules.<\/p>\n<p>NORTEMPRESA, Lda. will process the following categories of users&#8217; personal data: identification and contact data, billing data and\/or information in the context of responding to any questions, requests or complaints from the user.<\/p>\n<p>The personal data of customers\/users will be stored for a maximum of 3 years after the end of their use.<\/p>\n<p>In accordance with the legislation in force, NORTEMPRESA, Lda. provides an adequate level of protection for the personal data of its customers\/users, in particular by implementing technical and organizational measures necessary to protect their personal data against accidental destruction, loss or modification, as well as against access and other unauthorized processes. Measures taken include encrypting data and securing the applications that process it.<\/p>\n<p>NORTEMPRESA, Lda. guarantees its customers\/users, at any time, the right of access, rectification, updating, limitation and erasure of their personal data (except for data that are indispensable for the provision of legal services or for the fulfillment of legal obligations to which the controller is subject), the right to object to their use for purposes other than the provision of the contracted services as well as the right to data portability.<\/p>\n<p>You also have the right to obtain a copy of your data that is processed and the right to be informed, in the event of automated decision-making, of the logic behind such a system as well as the significance and consequences of its processing for you.<\/p>\n<p>Without prejudice to the provisions of the General Data Protection Regulation, you may exercise any of these rights, directly or by written request, addressed to NORTEMPRESA, Lda. through the contacts provided for this purpose in this document.<\/p>\n<p>NORTEMPRESA, Lda., within the scope of its activity, may use the services of subcontractors, companies in charge of processing customer\/user data for accounting and computerization\/information management purposes.<\/p>\n<p>These companies are linked to NORTEMPRESA, Lda. by written contract may only process the personal data of customers\/users for the purposes specifically set out above and are absolutely prevented from processing personal data, directly or indirectly, for any other purpose, for their own benefit or that of a third party.<\/p>\n<p>In compliance with legal obligations, personal data may also be transmitted to judicial and administrative authorities.<\/p>\n<p>Any information or requests regarding our privacy and data protection policy should be addressed to:<\/p>\n<p><strong>NORTEMPRESA, Lda.<\/strong><br \/>Rua Parque Bou\u00e7a das Mouras, N\u00ba 56<br \/>Nogueira 4715-216 Braga, Portugal<br \/>E-mail: geral@nortempresa.com<br \/>Telephone: 00351 253 673 269<\/p>\n<p>Without prejudice to the contact with NORTEMPRESA, Lda, the client\/user may address requests for additional information regarding the application of the General Data Protection Regime to the National Data Protection Commission, supervisory authority located at Rua de S\u00e3o Bento, n.o 148, 3.o andar, 1200-821, Lisbon and holder of the telephone contacts 00351 213 928 400, fax 00351 213 976 832 and e-mail geral@cnpd.pt.<\/p>\n<p>NORTEMPRESA, Lda. reserves the right to update its privacy and data protection policy, and it is advisable to consult this page regularly.<\/p>\n\t\t\t\t\t\t\t\t<\/div>\n\t\t\t\t<\/div>\n\t\t\t\t\t<\/div>\n\t\t<\/div>\n\t\t\t\t\t<\/div>\n\t\t<\/section>\n\t\t\t\t<\/div>\n\t\t","protected":false},"excerpt":{"rendered":"<p>Privacy Policy Privacy and Personal Data Protection YNTENZO guarantees the confidentiality of all data provided by Users. The personal data identified in the order form as being mandatory to provide are indispensable for the provision of the Service by YNTENZO. Aomission or inaccuracy of the data provided by the User is the sole and entire [&hellip;]<\/p>\n","protected":false},"author":1,"featured_media":0,"parent":0,"menu_order":0,"comment_status":"closed","ping_status":"closed","template":"elementor_header_footer","meta":{"footnotes":""},"class_list":["post-5236","page","type-page","status-publish","hentry"],"jetpack_sharing_enabled":true,"_links":{"self":[{"href":"https:\/\/yntenzo.com\/en\/wp-json\/wp\/v2\/pages\/5236","targetHints":{"allow":["GET"]}}],"collection":[{"href":"https:\/\/yntenzo.com\/en\/wp-json\/wp\/v2\/pages"}],"about":[{"href":"https:\/\/yntenzo.com\/en\/wp-json\/wp\/v2\/types\/page"}],"author":[{"embeddable":true,"href":"https:\/\/yntenzo.com\/en\/wp-json\/wp\/v2\/users\/1"}],"replies":[{"embeddable":true,"href":"https:\/\/yntenzo.com\/en\/wp-json\/wp\/v2\/comments?post=5236"}],"version-history":[{"count":1,"href":"https:\/\/yntenzo.com\/en\/wp-json\/wp\/v2\/pages\/5236\/revisions"}],"predecessor-version":[{"id":5247,"href":"https:\/\/yntenzo.com\/en\/wp-json\/wp\/v2\/pages\/5236\/revisions\/5247"}],"wp:attachment":[{"href":"https:\/\/yntenzo.com\/en\/wp-json\/wp\/v2\/media?parent=5236"}],"curies":[{"name":"wp","href":"https:\/\/api.w.org\/{rel}","templated":true}]}}